{"id":246,"date":"2016-08-25T12:55:24","date_gmt":"2016-08-25T10:55:24","guid":{"rendered":"http:\/\/sigro.pl\/de\/?page_id=246"},"modified":"2017-06-13T19:36:53","modified_gmt":"2017-06-13T17:36:53","slug":"start","status":"publish","type":"page","link":"https:\/\/sigro.pl\/de\/","title":{"rendered":"Start"},"content":{"rendered":"<p style=\"text-align: center;\">Unsere t\u00e4gliche Arbeit begleitet hohes Engagement und eine stetige Leidenschaft f\u00fcr das, was wir tun. Von Fichte bis Kiefer Fensterkanteln &#8211; Die Rohstoffe f\u00fcr unsere Fensterkanteln stammen ausschlie\u00dflich aus Regionen, die optimale Bedingungen f\u00fcr diese Holzarten bieten.<\/p>\n","protected":false},"excerpt":{"rendered":"<p>Unsere t\u00e4gliche Arbeit begleitet hohes Engagement und eine stetige Leidenschaft f\u00fcr das, was wir tun. Von Fichte bis Kiefer Fensterkanteln &#8211; Die Rohstoffe f\u00fcr unsere Fensterkanteln stammen ausschlie\u00dflich aus Regionen, die optimale Bedingungen f\u00fcr diese Holzarten bieten.<\/p>\n","protected":false},"author":1,"featured_media":0,"parent":0,"menu_order":0,"comment_status":"closed","ping_status":"closed","template":"","meta":[],"_links":{"self":[{"href":"https:\/\/sigro.pl\/de\/wp-json\/wp\/v2\/pages\/246"}],"collection":[{"href":"https:\/\/sigro.pl\/de\/wp-json\/wp\/v2\/pages"}],"about":[{"href":"https:\/\/sigro.pl\/de\/wp-json\/wp\/v2\/types\/page"}],"author":[{"embeddable":true,"href":"https:\/\/sigro.pl\/de\/wp-json\/wp\/v2\/users\/1"}],"replies":[{"embeddable":true,"href":"https:\/\/sigro.pl\/de\/wp-json\/wp\/v2\/comments?post=246"}],"version-history":[{"count":2,"href":"https:\/\/sigro.pl\/de\/wp-json\/wp\/v2\/pages\/246\/revisions"}],"predecessor-version":[{"id":638,"href":"https:\/\/sigro.pl\/de\/wp-json\/wp\/v2\/pages\/246\/revisions\/638"}],"wp:attachment":[{"href":"https:\/\/sigro.pl\/de\/wp-json\/wp\/v2\/media?parent=246"}],"curies":[{"name":"wp","href":"https:\/\/api.w.org\/{rel}","templated":true}]}}