{"id":254,"date":"2016-08-25T12:58:14","date_gmt":"2016-08-25T10:58:14","guid":{"rendered":"http:\/\/sigro.pl\/de\/?page_id=254"},"modified":"2017-11-09T15:30:57","modified_gmt":"2017-11-09T14:30:57","slug":"wir-ueber-uns","status":"publish","type":"page","link":"https:\/\/sigro.pl\/de\/uber-uns\/wir-ueber-uns\/","title":{"rendered":"\u00dcber die Firma SIGRO"},"content":{"rendered":"<div class=\"movie_wrapper\">\n<div class=\"yt_wrap\"><iframe loading=\"lazy\" src=\"https:\/\/www.youtube.com\/embed\/NrJClOwB0mk\" width=\"560\" height=\"315\" frameborder=\"0\" allowfullscreen=\"allowfullscreen\"><\/iframe><\/div>\n<\/div>\n<p>SIGRO ist ein im Jahr 1991 in Katowice gegr\u00fcndeter Familienbetrieb f\u00fcr die Herstellung von lamellierten Fensterkanteln von sehr hoher Qualit\u00e4t. Der Hauptt\u00e4tigkeitsbereich ist die Herstellung von verleimten H\u00f6lzern f\u00fcr Fensterkanteln, T\u00fcrkanteln und andere verleimte Holzelemente, die aus Fichte, Kiefer, Eiche, Fichte und L\u00e4rche hergestellt werden. Unser Hauptkundenbereich stammt \u00fcberwiegend aus dem Holzgro\u00dfhandel und der Fensterindustrie.<br \/>\nWenn Sie gro\u00dfen Wert auf h\u00f6chstqualitative Produkte legen, entscheiden Sie sich f\u00fcr unser uns.<\/p>\n<p><a class=\"button_more\" href=\"http:\/\/sigro.pl\/de\/qualitaet\/\">Mehr \u00fcber die Qualit\u00e4t.<\/a><\/p>\n","protected":false},"excerpt":{"rendered":"<p>SIGRO ist ein im Jahr 1991 in Katowice gegr\u00fcndeter Familienbetrieb f\u00fcr die Herstellung von lamellierten Fensterkanteln von sehr hoher Qualit\u00e4t. Der Hauptt\u00e4tigkeitsbereich ist die Herstellung von verleimten H\u00f6lzern f\u00fcr Fensterkanteln, T\u00fcrkanteln und andere verleimte Holzelemente, die aus Fichte, Kiefer, Eiche, Fichte und L\u00e4rche hergestellt werden. Unser Hauptkundenbereich stammt \u00fcberwiegend aus dem Holzgro\u00dfhandel und der Fensterindustrie&#8230;.<\/p>\n","protected":false},"author":1,"featured_media":0,"parent":250,"menu_order":0,"comment_status":"closed","ping_status":"closed","template":"","meta":[],"_links":{"self":[{"href":"https:\/\/sigro.pl\/de\/wp-json\/wp\/v2\/pages\/254"}],"collection":[{"href":"https:\/\/sigro.pl\/de\/wp-json\/wp\/v2\/pages"}],"about":[{"href":"https:\/\/sigro.pl\/de\/wp-json\/wp\/v2\/types\/page"}],"author":[{"embeddable":true,"href":"https:\/\/sigro.pl\/de\/wp-json\/wp\/v2\/users\/1"}],"replies":[{"embeddable":true,"href":"https:\/\/sigro.pl\/de\/wp-json\/wp\/v2\/comments?post=254"}],"version-history":[{"count":8,"href":"https:\/\/sigro.pl\/de\/wp-json\/wp\/v2\/pages\/254\/revisions"}],"predecessor-version":[{"id":645,"href":"https:\/\/sigro.pl\/de\/wp-json\/wp\/v2\/pages\/254\/revisions\/645"}],"up":[{"embeddable":true,"href":"https:\/\/sigro.pl\/de\/wp-json\/wp\/v2\/pages\/250"}],"wp:attachment":[{"href":"https:\/\/sigro.pl\/de\/wp-json\/wp\/v2\/media?parent=254"}],"curies":[{"name":"wp","href":"https:\/\/api.w.org\/{rel}","templated":true}]}}