{"id":256,"date":"2016-08-25T12:58:45","date_gmt":"2016-08-25T10:58:45","guid":{"rendered":"http:\/\/sigro.pl\/de\/?page_id=256"},"modified":"2017-06-13T19:46:21","modified_gmt":"2017-06-13T17:46:21","slug":"mission","status":"publish","type":"page","link":"https:\/\/sigro.pl\/de\/uber-uns\/mission\/","title":{"rendered":"Mission"},"content":{"rendered":"<p>Unsere Mission ist es, Ihnen Produkte der Spitzenklasse zu liefern. Um die Erwartungen an diese, zu erf\u00fcllen, bieten wir Ihnen aber gleichzeitig auch die h\u00f6chste Flexibilit\u00e4t an. Das Engagement, die Bereitschaft f\u00fcr weitere Entwicklung und die breite Erfahrung bei SIGRO sind die besten Voraussetzungen f\u00fcr das beste und wettbewerbsf\u00e4higste T\u00fcr- und Fensterholz.<\/p>\n","protected":false},"excerpt":{"rendered":"<p>Unsere Mission ist es, Ihnen Produkte der Spitzenklasse zu liefern. Um die Erwartungen an diese, zu erf\u00fcllen, bieten wir Ihnen aber gleichzeitig auch die h\u00f6chste Flexibilit\u00e4t an. Das Engagement, die Bereitschaft f\u00fcr weitere Entwicklung und die breite Erfahrung bei SIGRO sind die besten Voraussetzungen f\u00fcr das beste und wettbewerbsf\u00e4higste T\u00fcr- und Fensterholz.<\/p>\n","protected":false},"author":1,"featured_media":0,"parent":250,"menu_order":10,"comment_status":"closed","ping_status":"closed","template":"","meta":[],"_links":{"self":[{"href":"https:\/\/sigro.pl\/de\/wp-json\/wp\/v2\/pages\/256"}],"collection":[{"href":"https:\/\/sigro.pl\/de\/wp-json\/wp\/v2\/pages"}],"about":[{"href":"https:\/\/sigro.pl\/de\/wp-json\/wp\/v2\/types\/page"}],"author":[{"embeddable":true,"href":"https:\/\/sigro.pl\/de\/wp-json\/wp\/v2\/users\/1"}],"replies":[{"embeddable":true,"href":"https:\/\/sigro.pl\/de\/wp-json\/wp\/v2\/comments?post=256"}],"version-history":[{"count":3,"href":"https:\/\/sigro.pl\/de\/wp-json\/wp\/v2\/pages\/256\/revisions"}],"predecessor-version":[{"id":646,"href":"https:\/\/sigro.pl\/de\/wp-json\/wp\/v2\/pages\/256\/revisions\/646"}],"up":[{"embeddable":true,"href":"https:\/\/sigro.pl\/de\/wp-json\/wp\/v2\/pages\/250"}],"wp:attachment":[{"href":"https:\/\/sigro.pl\/de\/wp-json\/wp\/v2\/media?parent=256"}],"curies":[{"name":"wp","href":"https:\/\/api.w.org\/{rel}","templated":true}]}}