{"id":258,"date":"2016-08-25T12:59:18","date_gmt":"2016-08-25T10:59:18","guid":{"rendered":"http:\/\/sigro.pl\/de\/?page_id=258"},"modified":"2017-11-09T15:54:25","modified_gmt":"2017-11-09T14:54:25","slug":"geschichte","status":"publish","type":"page","link":"https:\/\/sigro.pl\/de\/uber-uns\/geschichte\/","title":{"rendered":"Geschichte"},"content":{"rendered":"<div class=\"history_wrapper\">\n<div>\n<div>1994<\/div>\n<div>Und so, seit 1994 unter dem st\u00e4ndigen Management von Siegmund Kaminski, entwickelte sich das Unternehmen SIGRO permanent weiter, um heute zum f\u00fchrenden Zulieferer f\u00fcr die Fensterindustrie in Europa zu werden, vor allem im Bereich lamellierten Fensterkantel f\u00fcr Fenster und T\u00fcren.<\/div>\n<\/div>\n<div>\n<div>1995-2000<\/div>\n<div>Die 90er Jahre standen im Zeichen einer dynamischen Entwicklung unseres Unternehmens, das in jenen Jahren sein Gesch\u00e4ft um neue Absatzm\u00e4rkte erweitert hat. Die Ausstattung des Betriebes mit modernen Maschinen hatte einen erheblichen Einfluss auf den Produktionsfortschritt bei SIGRO. Damals wurde unser Unternehmen zu einem der gr\u00f6\u00dften Hersteller verleimter Fensterkanteln in Polen und zu einem auf dem europ\u00e4ischen Markt bedeutenden Marke.<\/div>\n<\/div>\n<div>\n<div>2008<\/div>\n<div>Die wachsende Zahl von Auftr\u00e4gen f\u00fchrte 2008 zu der Entscheidung, mit einem neuen Betrieb zu expandieren. Ein weiterer Meilenstein in der Geschichte unseres Unternehmens. Als Standort wurde eine der Industriezonen des schlesischen Ballungsgebietes ausgew\u00e4hlt.<\/div>\n<\/div>\n<div>\n<div>2010<\/div>\n<div>Zwei Jahre sp\u00e4ter, im Jahr 2010, wurde die Produktionsst\u00e4tte in D\u0105browa G\u00f3rnicza in Betrieb genommen. Ausgestattet mit einem hochmodernen Maschinenpark f\u00fchrt der Betrieb dynamisch die anspruchsvollen Auftr\u00e4ge der ebenso anspruchsvollen Kunden aus.<\/div>\n<\/div>\n<div>\n<div>2015<\/div>\n<div>Das Jahr 2015 war pr\u00e4gend f\u00fcr unseren Maschinenpark, denn es fand eine grundlegende Modernisierung statt. Mit neuen, innovativen Maschinen konnten wir unser Handeln optimieren und Auftr\u00e4ge auf noch h\u00f6herem Niveau realisieren.<\/div>\n<\/div>\n<div>\n<div>2016<\/div>\n<div>Das Jahr 2016 wartete mit vielen neuen Herausforderungen auf, Pl\u00e4ne und neue Investitionen, nicht nur im Bereich der Maschinen, sondern auch f\u00fcr die Produktionsst\u00e4tte, die wir um eine neue Produktions- und Lagerhalle erweitern wollen. Besonders gro\u00dfe Aufmerksamkeit gilt dabei der Entwicklung unserer Mitarbeiter und unserer Fabrik. Durch die Teilnahme an internationalen Fachmessen k\u00f6nnen wir uns zus\u00e4tzlich weiterentwickeln, wir unsere Aktivit\u00e4ten verbessern, unser Wissen erweitern sowie den Markt detailliert analysieren.<\/div>\n<\/div>\n<\/div>\n","protected":false},"excerpt":{"rendered":"<p>1994 Und so, seit 1994 unter dem st\u00e4ndigen Management von Siegmund Kaminski, entwickelte sich das Unternehmen SIGRO permanent weiter, um heute zum f\u00fchrenden Zulieferer f\u00fcr die Fensterindustrie in Europa zu werden, vor allem im Bereich lamellierten Fensterkantel f\u00fcr Fenster und T\u00fcren. 1995-2000 Die 90er Jahre standen im Zeichen einer dynamischen Entwicklung unseres Unternehmens, das in&#8230;<\/p>\n","protected":false},"author":1,"featured_media":0,"parent":250,"menu_order":20,"comment_status":"closed","ping_status":"closed","template":"","meta":[],"_links":{"self":[{"href":"https:\/\/sigro.pl\/de\/wp-json\/wp\/v2\/pages\/258"}],"collection":[{"href":"https:\/\/sigro.pl\/de\/wp-json\/wp\/v2\/pages"}],"about":[{"href":"https:\/\/sigro.pl\/de\/wp-json\/wp\/v2\/types\/page"}],"author":[{"embeddable":true,"href":"https:\/\/sigro.pl\/de\/wp-json\/wp\/v2\/users\/1"}],"replies":[{"embeddable":true,"href":"https:\/\/sigro.pl\/de\/wp-json\/wp\/v2\/comments?post=258"}],"version-history":[{"count":6,"href":"https:\/\/sigro.pl\/de\/wp-json\/wp\/v2\/pages\/258\/revisions"}],"predecessor-version":[{"id":650,"href":"https:\/\/sigro.pl\/de\/wp-json\/wp\/v2\/pages\/258\/revisions\/650"}],"up":[{"embeddable":true,"href":"https:\/\/sigro.pl\/de\/wp-json\/wp\/v2\/pages\/250"}],"wp:attachment":[{"href":"https:\/\/sigro.pl\/de\/wp-json\/wp\/v2\/media?parent=258"}],"curies":[{"name":"wp","href":"https:\/\/api.w.org\/{rel}","templated":true}]}}