{"id":264,"date":"2016-08-25T13:01:12","date_gmt":"2016-08-25T11:01:12","guid":{"rendered":"http:\/\/sigro.pl\/de\/?page_id=264"},"modified":"2024-09-25T11:24:35","modified_gmt":"2024-09-25T09:24:35","slug":"qualitaet","status":"publish","type":"page","link":"https:\/\/sigro.pl\/de\/qualitaet\/","title":{"rendered":"Qualit\u00e4t und Zertifikate"},"content":{"rendered":"<p><span class=\"first_p\">Die uns gew\u00e4hrten Zertifikate best\u00e4tigen unseren hohen Standard.<\/span><\/p>\n<h3>Was macht unsere Produkte einzigartig?<\/h3>\n<div class=\"p50\">\n<div>\n<ul>\n<li>Edles Holz aus Gebieten mit bester Holzmaserung;<\/li>\n<li>hochwertige Maschinen der besten europ\u00e4ischen Hersteller;<\/li>\n<li>i.P. frei von Kr\u00fcmmung dank mehrschichtiger Bauweise und hochklassiger Trockenkammern, die f\u00fcr eine gleichm\u00e4\u00dfige Trocknung von Rohstoffen bis zur optimalen Feuchtigkeit sorgt<\/li>\n<li>Einhaltung der Umweltschutzbedingungen: Unser Holz stammt aus nachhaltig angebauten Waldbest\u00e4nden<\/li>\n<\/ul>\n<\/div>\n<div>\n<ul>\n<li>Qualit\u00e4ts\u00fcberwachung des Instituts f\u00fcr Fenstertechnik (IFT) in Rosenheim<\/li>\n<li>Querschnitte auf individuelle Bestellung des Kunden und somit geringe Kosten f\u00fcr die Produktion und Lagerung von Rohstoffen<\/li>\n<\/ul>\n<\/div>\n<\/div>\n<h3>Zertifikate<\/h3>\n<p>H\u00f6chste Qualit\u00e4t und Kontrolle der Rohstoffherkunft bilden die Grunds\u00e4tze, die unser Handeln definieren.<\/p>\n<p><span class=\"first_p\"><img decoding=\"async\" loading=\"lazy\" class=\"size-full wp-image-1198 aligncenter\" style=\"font-size: 14px;\" src=\"https:\/\/sigro.pl\/wp-content\/uploads\/2023\/10\/certyfikaty.png\" alt=\"certyfikaty\" width=\"648\" height=\"232\" srcset=\"https:\/\/sigro.pl\/wp-content\/uploads\/2023\/10\/certyfikaty.png 648w, https:\/\/sigro.pl\/wp-content\/uploads\/2023\/10\/certyfikaty-300x107.png 300w\" sizes=\"(max-width: 648px) 100vw, 648px\" \/><br \/>\n<\/span><\/p>\n<div class=\"attachments_wrap\"><ul class=\"attachments\">\n<li class=\"attachment application pdf has-download\"><a download href=\"https:\/\/sigro.pl\/wp-content\/uploads\/2022\/11\/SIGRO-II-FSC-COC-Certificate-14.11.2022.pdf\"><span class=\"title\">FSC  <sup>\u00ae <\/sup> : NC-COC-013768<\/span><span class=\"extension\">pdf<\/span><span class=\"size\">142 KB<\/span><span class=\"download\">Download<\/span><\/a><\/li>\n<li class=\"attachment application pdf has-download\"><a download href=\"https:\/\/sigro.pl\/wp-content\/uploads\/2022\/11\/SIGRO-II-PEFC-Cert-14.11.2022_NEW-NR.pdf\"><span class=\"title\">Licence no. PEFC\/32-31-121 \/\/ Certificate number: PBN-PEFC-COC-013768<\/span><span class=\"extension\">pdf<\/span><span class=\"size\">173 KB<\/span><span class=\"download\">Download<\/span><\/a><\/li>\n<li class=\"attachment application pdf has-download\"><a download href=\"https:\/\/sigro.pl\/wp-content\/uploads\/2024\/09\/ift-Rosenheim-Zertifikat-KIEFER_2027-1.pdf\"><span class=\"title\">IFT Rosenheim - Sosna\/Kiefer\/Pine<\/span><span class=\"extension\">pdf<\/span><span class=\"size\">218 KB<\/span><span class=\"download\">Download<\/span><\/a><\/li>\n<li class=\"attachment application pdf has-download\"><a download href=\"https:\/\/sigro.pl\/wp-content\/uploads\/2024\/09\/ift-Rosenheim-Zertifikat-FICHTE_2027-1.pdf\"><span class=\"title\">IFT Rosenheim - \u015awierk\/Fichte\/Spruce<\/span><span class=\"extension\">pdf<\/span><span class=\"size\">407 KB<\/span><span class=\"download\">Download<\/span><\/a><\/li>\n<\/ul><\/div>\n","protected":false},"excerpt":{"rendered":"<p>Die uns gew\u00e4hrten Zertifikate best\u00e4tigen unseren hohen Standard. Was macht unsere Produkte einzigartig? Edles Holz aus Gebieten mit bester Holzmaserung; hochwertige Maschinen der besten europ\u00e4ischen Hersteller; i.P. frei von Kr\u00fcmmung dank mehrschichtiger Bauweise und hochklassiger Trockenkammern, die f\u00fcr eine gleichm\u00e4\u00dfige Trocknung von Rohstoffen bis zur optimalen Feuchtigkeit sorgt Einhaltung der Umweltschutzbedingungen: Unser Holz stammt aus&#8230;<\/p>\n","protected":false},"author":1,"featured_media":0,"parent":0,"menu_order":50,"comment_status":"closed","ping_status":"closed","template":"","meta":[],"_links":{"self":[{"href":"https:\/\/sigro.pl\/de\/wp-json\/wp\/v2\/pages\/264"}],"collection":[{"href":"https:\/\/sigro.pl\/de\/wp-json\/wp\/v2\/pages"}],"about":[{"href":"https:\/\/sigro.pl\/de\/wp-json\/wp\/v2\/types\/page"}],"author":[{"embeddable":true,"href":"https:\/\/sigro.pl\/de\/wp-json\/wp\/v2\/users\/1"}],"replies":[{"embeddable":true,"href":"https:\/\/sigro.pl\/de\/wp-json\/wp\/v2\/comments?post=264"}],"version-history":[{"count":14,"href":"https:\/\/sigro.pl\/de\/wp-json\/wp\/v2\/pages\/264\/revisions"}],"predecessor-version":[{"id":1347,"href":"https:\/\/sigro.pl\/de\/wp-json\/wp\/v2\/pages\/264\/revisions\/1347"}],"wp:attachment":[{"href":"https:\/\/sigro.pl\/de\/wp-json\/wp\/v2\/media?parent=264"}],"curies":[{"name":"wp","href":"https:\/\/api.w.org\/{rel}","templated":true}]}}