{"id":266,"date":"2016-08-25T13:09:59","date_gmt":"2016-08-25T11:09:59","guid":{"rendered":"http:\/\/sigro.pl\/de\/?page_id=266"},"modified":"2017-11-09T15:17:07","modified_gmt":"2017-11-09T14:17:07","slug":"technologie","status":"publish","type":"page","link":"https:\/\/sigro.pl\/de\/technologie\/","title":{"rendered":"Technologie"},"content":{"rendered":"","protected":false},"excerpt":{"rendered":"<p>Strukturierte Produktionsprozess f\u00fchrt zur Herstellung des Endprodukts von h\u00f6chster Qualit\u00e4t, die die Erwartungen der anspruchsvollsten Kunden gerecht zu werden.<\/p>\n","protected":false},"author":1,"featured_media":0,"parent":0,"menu_order":60,"comment_status":"closed","ping_status":"closed","template":"","meta":[],"_links":{"self":[{"href":"https:\/\/sigro.pl\/de\/wp-json\/wp\/v2\/pages\/266"}],"collection":[{"href":"https:\/\/sigro.pl\/de\/wp-json\/wp\/v2\/pages"}],"about":[{"href":"https:\/\/sigro.pl\/de\/wp-json\/wp\/v2\/types\/page"}],"author":[{"embeddable":true,"href":"https:\/\/sigro.pl\/de\/wp-json\/wp\/v2\/users\/1"}],"replies":[{"embeddable":true,"href":"https:\/\/sigro.pl\/de\/wp-json\/wp\/v2\/comments?post=266"}],"version-history":[{"count":2,"href":"https:\/\/sigro.pl\/de\/wp-json\/wp\/v2\/pages\/266\/revisions"}],"predecessor-version":[{"id":681,"href":"https:\/\/sigro.pl\/de\/wp-json\/wp\/v2\/pages\/266\/revisions\/681"}],"wp:attachment":[{"href":"https:\/\/sigro.pl\/de\/wp-json\/wp\/v2\/media?parent=266"}],"curies":[{"name":"wp","href":"https:\/\/api.w.org\/{rel}","templated":true}]}}